{"id":73,"date":"2021-03-31T20:46:50","date_gmt":"2021-03-31T20:46:50","guid":{"rendered":"https:\/\/wordpress.evergreen.edu\/farmworkerjusticeday\/?page_id=73"},"modified":"2022-02-03T19:50:49","modified_gmt":"2022-02-03T19:50:49","slug":"bios","status":"publish","type":"page","link":"https:\/\/wordpress.evergreen.edu\/farmworkerjusticeday\/bios\/","title":{"rendered":"Presenter Bios"},"content":{"rendered":"<p>Below are presenter bios for Farmworker Justice Day, 2022! Credit to <a href=\"http:\/\/www.foodjustice.org\/2021-farmworker-plenary-bios\">C2C&#8217;s website<\/a> for the use of most of these bios from the <a href=\"https:\/\/www.facebook.com\/Community2Community\/videos\/289836552491702\">2021 Farmworker Plenary.<\/a> Thank you presenters!<\/p>\n<p><\/p>\n<div id=\"attachment_114\" style=\"width: 410px\" class=\"wp-caption aligncenter\"><img aria-describedby=\"caption-attachment-114\" loading=\"lazy\" class=\"wp-image-114\" src=\"https:\/\/wordpress.evergreen.edu\/farmworkerjusticeday\/wp-content\/uploads\/sites\/721\/2021\/04\/SattvaPhoto_C2CPromotoras_DSC09032-684x1024.jpg\" alt=\"\" width=\"400\" height=\"599\" srcset=\"https:\/\/wordpress.evergreen.edu\/farmworkerjusticeday\/wp-content\/uploads\/sites\/721\/2021\/04\/SattvaPhoto_C2CPromotoras_DSC09032-684x1024.jpg 684w, https:\/\/wordpress.evergreen.edu\/farmworkerjusticeday\/wp-content\/uploads\/sites\/721\/2021\/04\/SattvaPhoto_C2CPromotoras_DSC09032-200x300.jpg 200w, https:\/\/wordpress.evergreen.edu\/farmworkerjusticeday\/wp-content\/uploads\/sites\/721\/2021\/04\/SattvaPhoto_C2CPromotoras_DSC09032-768x1151.jpg 768w, https:\/\/wordpress.evergreen.edu\/farmworkerjusticeday\/wp-content\/uploads\/sites\/721\/2021\/04\/SattvaPhoto_C2CPromotoras_DSC09032.jpg 801w\" sizes=\"(max-width: 400px) 100vw, 400px\" \/><p id=\"caption-attachment-114\" class=\"wp-caption-text\">Lucy Madrigal<br>Photo Credit: C2C Website<\/p><\/div>\n<p class=\"\"><strong>Lucy Madrigal<\/strong> (ella \/ ella) es una chicana biling\u00fce, nacida y criada, y mujer de color del condado de Skagit. Sus ra\u00edces est\u00e1n en Michoac\u00e1n, M\u00e9xico. Es una orgullosa hija de padres trabajadores que emigraron en la d\u00e9cada de 1980 en busca del &#8220;Sue\u00f1o Americano&#8221;. Ella es una firme defensora de los derechos humanos y de los trabajadores agr\u00edcolas. Sin miedo a decir lo que piensa, Lucy es la Coordinadora de Promotoras en C2C, donde lucha junto al Equipo de Liderazgo de C2C y otros para crear conciencia sobre las condiciones de vida y de trabajo de los trabajadores agr\u00edcolas. Ella apoya a su comunidad promoviendo la justicia y la equidad. del<\/p>\n<p class=\"\"><strong>Lucy Madrigal<\/strong> (she \/ she) is a bilingual Chicana, born and raised, and woman of color from Skagit County. Her roots are in Michoac\u00e1n, Mexico. She is a proud daughter of working parents who emigrated in the 1980s in search of the &#8220;American Dream.&#8221; She is a strong advocate for human rights and farm workers. Unafraid to speak her mind, Lucy is the Promotoras Coordinator at C2C, where she fights alongside the C2C Leadership Team and others to raise awareness about the working and living conditions of farmworkers. She supports her community by promoting justice and equity.<\/p>\n<h2>&nbsp;<\/h2>\n<div id=\"attachment_118\" style=\"width: 410px\" class=\"wp-caption aligncenter\"><img aria-describedby=\"caption-attachment-118\" loading=\"lazy\" class=\"wp-image-118\" src=\"https:\/\/wordpress.evergreen.edu\/farmworkerjusticeday\/wp-content\/uploads\/sites\/721\/2021\/04\/SattvaPhoto_C2CPromotoras_DSC08981-684x1024.jpg\" alt=\"\" width=\"400\" height=\"599\" srcset=\"https:\/\/wordpress.evergreen.edu\/farmworkerjusticeday\/wp-content\/uploads\/sites\/721\/2021\/04\/SattvaPhoto_C2CPromotoras_DSC08981-684x1024.jpg 684w, https:\/\/wordpress.evergreen.edu\/farmworkerjusticeday\/wp-content\/uploads\/sites\/721\/2021\/04\/SattvaPhoto_C2CPromotoras_DSC08981-200x300.jpg 200w, https:\/\/wordpress.evergreen.edu\/farmworkerjusticeday\/wp-content\/uploads\/sites\/721\/2021\/04\/SattvaPhoto_C2CPromotoras_DSC08981-768x1151.jpg 768w, https:\/\/wordpress.evergreen.edu\/farmworkerjusticeday\/wp-content\/uploads\/sites\/721\/2021\/04\/SattvaPhoto_C2CPromotoras_DSC08981.jpg 801w\" sizes=\"(max-width: 400px) 100vw, 400px\" \/><p id=\"caption-attachment-118\" class=\"wp-caption-text\">Edgar Franks<br>Photo Credit: C2C Website<\/p><\/div>\n<p class=\"\"><strong>Edgar Franks<\/strong> es el Director Politico para el sindicato independiente de trabajadores del campo Familias Unidas por la Justicia cual fue fundado en 2013. Los miembros de Familias Unidas son Mixteco y Triqui. Es el \u00fanico sindicato en Estados Unidos que es liderada por gente ind\u00edgena. La responsabilidades incluyen tener a los miembros informados de legislaci\u00f3n y leyes que afectan a gente del campo y inmigrantes. Al igual de apoyar a los miembros en cualquier forma que ellos ocupen. Edgar tambien representa al sindicato en otras alianzas nacionales y internacionales. Es parte de De la Red de Labor y sustentabilidad donde forman strategias para apoyar a trabajadores y proteger al medio ambiente. Tambi\u00e9n es parte de la mesa directiva de la alianza por Justicia Clim\u00e1tica del Estado de Washington.<\/p>\n<p class=\"\"><strong>Edgar Franks<\/strong> is the Political Director for the independent union of farm workers, Familias Unidas por la Justicia, which was founded in 2013. The members of Familias Unidas are Mixteco and Triqui. It is the only union in the United States that is led by indigenous people. Responsibilities include keeping members informed of legislation and laws that affect rural people and immigrants. As well as supporting the members in whatever way they need. Edgar also represents the union in other national and international alliances. Edgar is on the board of Network of Labor and sustainability where they form strategies to support workers and protect the environment. He is also on the board of directors of the Washington State Climate Justice Alliance.<\/p>\n\n\n<p><\/p>\n\n\n\n<p>MORE BIOS TO COME! \ud83d\ude42<\/p>\n","protected":false},"excerpt":{"rendered":"<p>Below are presenter bios for Farmworker Justice Day, 2022! Credit to C2C&#8217;s website for the use of most of these bios from the 2021 Farmworker Plenary. Thank you presenters! Lucy [&#8230;]<\/p>\n","protected":false},"author":461,"featured_media":0,"parent":0,"menu_order":0,"comment_status":"closed","ping_status":"closed","template":"","meta":[],"_links":{"self":[{"href":"https:\/\/wordpress.evergreen.edu\/farmworkerjusticeday\/wp-json\/wp\/v2\/pages\/73"}],"collection":[{"href":"https:\/\/wordpress.evergreen.edu\/farmworkerjusticeday\/wp-json\/wp\/v2\/pages"}],"about":[{"href":"https:\/\/wordpress.evergreen.edu\/farmworkerjusticeday\/wp-json\/wp\/v2\/types\/page"}],"author":[{"embeddable":true,"href":"https:\/\/wordpress.evergreen.edu\/farmworkerjusticeday\/wp-json\/wp\/v2\/users\/461"}],"replies":[{"embeddable":true,"href":"https:\/\/wordpress.evergreen.edu\/farmworkerjusticeday\/wp-json\/wp\/v2\/comments?post=73"}],"version-history":[{"count":19,"href":"https:\/\/wordpress.evergreen.edu\/farmworkerjusticeday\/wp-json\/wp\/v2\/pages\/73\/revisions"}],"predecessor-version":[{"id":611,"href":"https:\/\/wordpress.evergreen.edu\/farmworkerjusticeday\/wp-json\/wp\/v2\/pages\/73\/revisions\/611"}],"wp:attachment":[{"href":"https:\/\/wordpress.evergreen.edu\/farmworkerjusticeday\/wp-json\/wp\/v2\/media?parent=73"}],"curies":[{"name":"wp","href":"https:\/\/api.w.org\/{rel}","templated":true}]}}