{"id":185,"date":"2021-04-07T22:25:05","date_gmt":"2021-04-07T22:25:05","guid":{"rendered":"https:\/\/wordpress.evergreen.edu\/farmworkerjusticeday\/?page_id=185"},"modified":"2022-02-03T18:11:39","modified_gmt":"2022-02-03T18:11:39","slug":"additional-resources","status":"publish","type":"page","link":"https:\/\/wordpress.evergreen.edu\/farmworkerjusticeday\/additional-resources\/","title":{"rendered":"Additional Resources"},"content":{"rendered":"\n<h2>The beauty and complexity of farm work in Washington<\/h2>\n\n\n\n<p><em>&#8220;Artwork created by farmworkers and their communities paints an authentic picture of farm labor in Washington.&#8221; <\/em>This article from High Country News features beautiful artwork from the movement, including paintings done by C2C founder Rosalinda&#8217;s father, Jes\u00fas Guill\u00e9n. <\/p>\n\n\n\n<p><a href=\"https:\/\/www.hcn.org\/issues\/54.2\/north-art-the-beauty-and-complexit-of-farm-work-in-washington\">https:\/\/www.hcn.org\/issues\/54.2\/north-art-the-beauty-and-complexit-of-farm-work-in-washington<\/a><\/p>\n\n\n\n<figure class=\"wp-block-image size-large\"><img loading=\"lazy\" width=\"798\" height=\"1024\" src=\"https:\/\/wordpress.evergreen.edu\/farmworkerjusticeday\/wp-content\/uploads\/sites\/721\/2022\/02\/image-798x1024.jpg\" alt=\"\" class=\"wp-image-602\" srcset=\"https:\/\/wordpress.evergreen.edu\/farmworkerjusticeday\/wp-content\/uploads\/sites\/721\/2022\/02\/image-798x1024.jpg 798w, https:\/\/wordpress.evergreen.edu\/farmworkerjusticeday\/wp-content\/uploads\/sites\/721\/2022\/02\/image-234x300.jpg 234w, https:\/\/wordpress.evergreen.edu\/farmworkerjusticeday\/wp-content\/uploads\/sites\/721\/2022\/02\/image-768x986.jpg 768w, https:\/\/wordpress.evergreen.edu\/farmworkerjusticeday\/wp-content\/uploads\/sites\/721\/2022\/02\/image.jpg 900w\" sizes=\"(max-width: 798px) 100vw, 798px\" \/><figcaption>Artwork featured in the article: <em>La Conner Tulip Harvest, oil, 1991. Courtesy of the Guill\u00e9n Family Collection.<br> Jes\u00fas Guill\u00e9n<\/em><\/figcaption><\/figure>\n\n\n\n<p><\/p>\n\n\n<h3><b>C\u00e9sar Ch\u00e1vez speech on pesticides:<\/b><\/h3>\n<p>This 1988 speech is a touchstone for farmworker justice and environmental justice. In it, C\u00e9sar Ch\u00e1vez speaks on the horrible health impacts of pesticide poisoning in farmworker families, and the cruel labor conditions that lead to exposure.<\/p>\n<p><a href=\"https:\/\/ufw.org\/research\/history\/cesar-chavezs-first-major-address-36-day-1988-fast-pesticide-poisoning-farm-workers\/\" target=\"_blank\" rel=\"noopener noreferrer\">C\u00e9sar Ch\u00e1vez\u2019s first major address after his 36-day 1988 fast over the pesticide poisoning of farm workers.<\/a><\/p>\n<h3>Cosmonaut Article:&nbsp;<em>Is this Sweat or am I Crying?: A Workers History of Farm and Food in the United States<\/em><\/h3>\n<p><a href=\"https:\/\/cosmonautmag.com\/2022\/01\/is-this-sweat-or-am-i-crying-a-workers-history-of-farm-and-food-in-the-united-states\/?fbclid=IwAR1QuMtznwNq3izLsFkERp-kMZXpUcZ74aSlVq07UyfK3mD6xSqgVhMriaA\">Is This Sweat or Am I Crying? A Workers&#8217; History of Farm and Food in the United States<\/a><\/p>\n<p><\/p>\n<h3>Food First Article: <em>A Democractic Food System Means Unions for Farmworkers<\/em><\/h3>\n\n\n<figure class=\"wp-block-embed-wordpress wp-block-embed is-type-wp-embed is-provider-food-first\"><div class=\"wp-block-embed__wrapper\">\n<blockquote class=\"wp-embedded-content\" data-secret=\"bFEGqULpdN\"><a href=\"https:\/\/foodfirst.org\/publication\/a-democratic-food-system-means-unions-for-farmworkers\/\">A Democratic Food System Means Unions For Farmworkers<\/a><\/blockquote><iframe title=\"&#8220;A Democratic Food System Means Unions For Farmworkers&#8221; &#8212; Food First\" class=\"wp-embedded-content\" sandbox=\"allow-scripts\" security=\"restricted\" style=\"position: absolute; clip: rect(1px, 1px, 1px, 1px);\" src=\"https:\/\/foodfirst.org\/publication\/a-democratic-food-system-means-unions-for-farmworkers\/embed\/#?secret=bFEGqULpdN\" data-secret=\"bFEGqULpdN\" width=\"600\" height=\"338\" frameborder=\"0\" marginwidth=\"0\" marginheight=\"0\" scrolling=\"no\"><\/iframe>\n<\/div><\/figure>\n\n\n\n<h2><strong>Resources on the Bracero Program:<\/strong><\/h2>\n\n\n\n<p><a href=\"https:\/\/www.foodjustice.org\/solidarity-marketplace\/our-grandfathers-were-braceros\">Our Grandfathers Were Braceros, and We Too,<\/a> a new book by farmworker justice movement folk singer and activist Rosa Marta Zarate Macias<\/p>\n\n\n\n<div class=\"wp-block-file\"><a href=\"https:\/\/wordpress.evergreen.edu\/farmworkerjusticeday\/wp-content\/uploads\/sites\/721\/2022\/01\/Bracero_H-2A-one-pager-for-Rosa-Marta-book-and-dignity-dialogue.pdf\">Fact Sheet From C2C on the Bracero Program and H-2A<\/a><a href=\"https:\/\/wordpress.evergreen.edu\/farmworkerjusticeday\/wp-content\/uploads\/sites\/721\/2022\/01\/Bracero_H-2A-one-pager-for-Rosa-Marta-book-and-dignity-dialogue.pdf\" class=\"wp-block-file__button\" download>Download<\/a><\/div>\n\n\n\n<p><a href=\"http:\/\/braceroarchive.org\/about\"><strong>http:\/\/braceroarchive.org\/about<\/strong><\/a><br><a href=\"https:\/\/www.labor.ucla.edu\/what-we-do\/research-tools\/the-bracero-program\/\"><strong>https:\/\/www.labor.ucla.edu\/what-we-do\/research-tools\/the-bracero-program\/<\/strong><\/a><\/p>\n\n\n\n<p><strong>Harvest of Loneliness: <\/strong><a href=\"https:\/\/www.kpbs.org\/news\/2011\/aug\/24\/harvest-loneliness-bracero-program\/\"><strong>https:\/\/www.kpbs.org\/news\/2011\/aug\/24\/harvest-loneliness-bracero-program\/<\/strong><\/a><a href=\"https:\/\/www.youtube.com\/watch?v=PcV2EOo-Xdc\"><strong>https:\/\/www.youtube.com\/watch?v=PcV2EOo-Xdc<\/strong><\/a><\/p>\n\n\n\n<p><strong>Harvest of Shame: <\/strong><a href=\"https:\/\/www.youtube.com\/watch?v=yJTVF_dya7E\"><strong>https:\/\/www.youtube.com\/watch?v=yJTVF_dya7E<\/strong><\/a><\/p>\n\n\n\n<h2>The beauty and complexity of farm work in Washington<\/h2>\n\n\n\n<p><em>&#8220;Artwork created by farmworkers and their communities paints an authentic picture of farm labor in Washington.&#8221; <\/em>This article from High Country News features beautiful artwork from the movement, including paintings done by C2C founder Rosalinda&#8217;s father, Jes\u00fas Guill\u00e9n. <\/p>\n\n\n\n<figure class=\"wp-block-embed\"><div class=\"wp-block-embed__wrapper\">\nhttps:\/\/www.hcn.org\/issues\/54.2\/north-art-the-beauty-and-complexit-of-farm-work-in-washington\n<\/div><\/figure>\n","protected":false},"excerpt":{"rendered":"<p>The beauty and complexity of farm work in Washington &#8220;Artwork created by farmworkers and their communities paints an authentic picture of farm labor in Washington.&#8221; This article from High Country [&#8230;]<\/p>\n","protected":false},"author":461,"featured_media":0,"parent":0,"menu_order":0,"comment_status":"closed","ping_status":"closed","template":"","meta":[],"_links":{"self":[{"href":"https:\/\/wordpress.evergreen.edu\/farmworkerjusticeday\/wp-json\/wp\/v2\/pages\/185"}],"collection":[{"href":"https:\/\/wordpress.evergreen.edu\/farmworkerjusticeday\/wp-json\/wp\/v2\/pages"}],"about":[{"href":"https:\/\/wordpress.evergreen.edu\/farmworkerjusticeday\/wp-json\/wp\/v2\/types\/page"}],"author":[{"embeddable":true,"href":"https:\/\/wordpress.evergreen.edu\/farmworkerjusticeday\/wp-json\/wp\/v2\/users\/461"}],"replies":[{"embeddable":true,"href":"https:\/\/wordpress.evergreen.edu\/farmworkerjusticeday\/wp-json\/wp\/v2\/comments?post=185"}],"version-history":[{"count":14,"href":"https:\/\/wordpress.evergreen.edu\/farmworkerjusticeday\/wp-json\/wp\/v2\/pages\/185\/revisions"}],"predecessor-version":[{"id":604,"href":"https:\/\/wordpress.evergreen.edu\/farmworkerjusticeday\/wp-json\/wp\/v2\/pages\/185\/revisions\/604"}],"wp:attachment":[{"href":"https:\/\/wordpress.evergreen.edu\/farmworkerjusticeday\/wp-json\/wp\/v2\/media?parent=185"}],"curies":[{"name":"wp","href":"https:\/\/api.w.org\/{rel}","templated":true}]}}